{"id":53,"date":"2021-11-06T14:32:38","date_gmt":"2021-11-06T14:32:38","guid":{"rendered":"http:\/\/gresbud.net\/?page_id=53"},"modified":"2024-05-22T15:43:30","modified_gmt":"2024-05-22T15:43:30","slug":"oferta","status":"publish","type":"page","link":"https:\/\/gresbud.net\/index.php\/oferta\/","title":{"rendered":"Oferta"},"content":{"rendered":"\t\t<div data-elementor-type=\"wp-page\" data-elementor-id=\"53\" class=\"elementor elementor-53\">\n\t\t\t\t\t\t<section class=\"elementor-section elementor-top-section elementor-element elementor-element-44b619e elementor-section-boxed elementor-section-height-default elementor-section-height-default\" data-id=\"44b619e\" data-element_type=\"section\">\n\t\t\t\t\t\t<div class=\"elementor-container elementor-column-gap-default\">\n\t\t\t\t\t<div class=\"elementor-column elementor-col-100 elementor-top-column elementor-element elementor-element-7a61432\" data-id=\"7a61432\" data-element_type=\"column\">\n\t\t\t<div class=\"elementor-widget-wrap elementor-element-populated\">\n\t\t\t\t\t\t<div class=\"elementor-element elementor-element-64e228b elementor-widget elementor-widget-elementskit-accordion\" data-id=\"64e228b\" data-element_type=\"widget\" data-widget_type=\"elementskit-accordion.default\">\n\t\t\t\t<div class=\"elementor-widget-container\">\n\t\t\t\t\t<div class=\"ekit-wid-con\" >\n        <div class=\"elementskit-accordion floating-style\" id=\"accordion-69f182c1f32f7\">\n\n            \n                <div class=\"elementskit-card \">\n                    <div class=\"elementskit-card-header\" id=\"primaryHeading-0-64e228b\">\n                        <a href=\"#collapse-342440569f182c1f32f7\" class=\"ekit-accordion--toggler elementskit-btn-link collapsed\" data-ekit-toggle=\"collapse\" data-target=\"#Collapse-342440569f182c1f32f7\" aria-expanded=\"false\" aria-controls=\"Collapse-342440569f182c1f32f7\">\n                            \n                            <span class=\"ekit-accordion-title\">Budownictwo<\/span>\n\n                            \n                                <div class=\"ekit_accordion_icon_group\">\n                                    <div class=\"ekit_accordion_normal_icon\">\n                                        <!-- Normal Icon -->\n\t\t\t\t\t\t\t\t\t\t<i class=\"icon icon-down-arrow1\"><\/i>                                    <\/div>\n\n                                    <div class=\"ekit_accordion_active_icon\">\n                                        <!-- Active Icon -->\n\t\t\t\t\t\t\t\t\t\t<i class=\"icon icon-up-arrow\"><\/i>                                    <\/div>\n                                <\/div>\n\n                            \n                                                    <\/a>\n                    <\/div>\n\n                    <div id=\"Collapse-342440569f182c1f32f7\" class=\" collapse\" aria-labelledby=\"primaryHeading-0-64e228b\" data-parent=\"#accordion-69f182c1f32f7\">\n\n                        <div class=\"elementskit-card-body ekit-accordion--content\">\n                            <ul><li><strong>Budownictwo rolnicze<\/strong><strong> \u2013 realizacja nowoczesnych i funkcjonalnych obiekt\u00f3w dla rolnictwa, takich jak magazyny zbo\u017cowe, wiaty, obory, przechowalnie na warzywa i inne.<\/strong><\/li><li><strong>Budownictwo przemys\u0142owe<\/strong><strong> \u2013 budowa hal produkcyjnych, magazyn\u00f3w, centr\u00f3w logistycznych i innych obiekt\u00f3w przemys\u0142owych.<\/strong><\/li><li><strong>Budownictwo mieszkaniowe<\/strong><strong> \u2013 realizacja dom\u00f3w jednorodzinnych, osiedli mieszkaniowych oraz apartamentowc\u00f3w.<\/strong><\/li><li><strong>Us\u0142ugi instalacyjne<\/strong><strong> \u2013 roboty ziemne, monta\u017c instalacji w wykopach wodnych, kanalizacyjnych, burzowych, drena\u017cowych, elektrycznych.<\/strong><\/li><\/ul>                        <\/div>\n\n                    <\/div>\n\n                <\/div><!-- .elementskit-card END -->\n\n                \n                <div class=\"elementskit-card \">\n                    <div class=\"elementskit-card-header\" id=\"primaryHeading-1-64e228b\">\n                        <a href=\"#collapse-3b1422d69f182c1f32f7\" class=\"ekit-accordion--toggler elementskit-btn-link collapsed\" data-ekit-toggle=\"collapse\" data-target=\"#Collapse-3b1422d69f182c1f32f7\" aria-expanded=\"false\" aria-controls=\"Collapse-3b1422d69f182c1f32f7\">\n                            \n                            <span class=\"ekit-accordion-title\">Transport<\/span>\n\n                            \n                                <div class=\"ekit_accordion_icon_group\">\n                                    <div class=\"ekit_accordion_normal_icon\">\n                                        <!-- Normal Icon -->\n\t\t\t\t\t\t\t\t\t\t<i class=\"icon icon-down-arrow1\"><\/i>                                    <\/div>\n\n                                    <div class=\"ekit_accordion_active_icon\">\n                                        <!-- Active Icon -->\n\t\t\t\t\t\t\t\t\t\t<i class=\"icon icon-up-arrow\"><\/i>                                    <\/div>\n                                <\/div>\n\n                            \n                                                    <\/a>\n                    <\/div>\n\n                    <div id=\"Collapse-3b1422d69f182c1f32f7\" class=\" collapse\" aria-labelledby=\"primaryHeading-1-64e228b\" data-parent=\"#accordion-69f182c1f32f7\">\n\n                        <div class=\"elementskit-card-body ekit-accordion--content\">\n                            <p>- Transport maszyn budowlanych<br \/>- Transport maszyn g\u00f3rniczych<br \/>- Transport maszyn rolnych<br \/>- Sprzeda\u017c z transportem kruszyw budowlanych, ozdobnych itp.<br \/>- Transport towar\u00f3w na naczepach z pod\u0142og\u0105 p\u0142ask\u0105 d\u0142ugo\u015bci 13,6m<br \/>- Sprzeda\u017c paliw z dostaw\u0105<\/p>                        <\/div>\n\n                    <\/div>\n\n                <\/div><!-- .elementskit-card END -->\n\n                \n                <div class=\"elementskit-card \">\n                    <div class=\"elementskit-card-header\" id=\"primaryHeading-2-64e228b\">\n                        <a href=\"#collapse-4a2d62869f182c1f32f7\" class=\"ekit-accordion--toggler elementskit-btn-link collapsed\" data-ekit-toggle=\"collapse\" data-target=\"#Collapse-4a2d62869f182c1f32f7\" aria-expanded=\"false\" aria-controls=\"Collapse-4a2d62869f182c1f32f7\">\n                            \n                            <span class=\"ekit-accordion-title\">Us\u0142ugi<\/span>\n\n                            \n                                <div class=\"ekit_accordion_icon_group\">\n                                    <div class=\"ekit_accordion_normal_icon\">\n                                        <!-- Normal Icon -->\n\t\t\t\t\t\t\t\t\t\t<i class=\"icon icon-down-arrow1\"><\/i>                                    <\/div>\n\n                                    <div class=\"ekit_accordion_active_icon\">\n                                        <!-- Active Icon -->\n\t\t\t\t\t\t\t\t\t\t<i class=\"icon icon-up-arrow\"><\/i>                                    <\/div>\n                                <\/div>\n\n                            \n                                                    <\/a>\n                    <\/div>\n\n                    <div id=\"Collapse-4a2d62869f182c1f32f7\" class=\" collapse\" aria-labelledby=\"primaryHeading-2-64e228b\" data-parent=\"#accordion-69f182c1f32f7\">\n\n                        <div class=\"elementskit-card-body ekit-accordion--content\">\n                            <p>- Koparko\u0142adowarka<br \/>- Wywrotki Scania 8x6<br \/>- Koparki g\u0105sienicowe<br \/>- Koparki ko\u0142owe<br \/>- \u0141adowarki teleskopowe<br \/>- Podno\u015bniki<br \/>- \u0141adowarki ko\u0142owe<\/p>                        <\/div>\n\n                    <\/div>\n\n                <\/div><!-- .elementskit-card END -->\n\n                                        <\/div>\n    <\/div>\t\t\t\t<\/div>\n\t\t\t\t<\/div>\n\t\t\t\t\t<\/div>\n\t\t<\/div>\n\t\t\t\t\t<\/div>\n\t\t<\/section>\n\t\t\t\t<\/div>\n\t\t","protected":false},"excerpt":{"rendered":"<p>Budownictwo Budownictwo rolnicze \u2013 realizacja nowoczesnych i funkcjonalnych obiekt\u00f3w dla rolnictwa, takich jak magazyny zbo\u017cowe, wiaty, obory, przechowalnie na warzywa i inne. Budownictwo przemys\u0142owe \u2013 budowa hal produkcyjnych, magazyn\u00f3w, centr\u00f3w logistycznych i innych obiekt\u00f3w przemys\u0142owych. Budownictwo mieszkaniowe \u2013 realizacja dom\u00f3w jednorodzinnych, osiedli mieszkaniowych oraz apartamentowc\u00f3w. Us\u0142ugi instalacyjne \u2013 roboty ziemne,&hellip;<\/p>\n","protected":false},"author":1,"featured_media":0,"parent":0,"menu_order":0,"comment_status":"closed","ping_status":"closed","template":"","meta":{"footnotes":""},"class_list":["post-53","page","type-page","status-publish","hentry"],"yoast_head":"<!-- This site is optimized with the Yoast SEO plugin v24.5 - https:\/\/yoast.com\/wordpress\/plugins\/seo\/ -->\n<title>Oferta -<\/title>\n<meta name=\"robots\" content=\"index, follow, max-snippet:-1, max-image-preview:large, max-video-preview:-1\" \/>\n<link rel=\"canonical\" href=\"https:\/\/gresbud.net\/index.php\/oferta\/\" \/>\n<meta property=\"og:locale\" content=\"pl_PL\" \/>\n<meta property=\"og:type\" content=\"article\" \/>\n<meta property=\"og:title\" content=\"Oferta -\" \/>\n<meta property=\"og:description\" content=\"Budownictwo Budownictwo rolnicze \u2013 realizacja nowoczesnych i funkcjonalnych obiekt\u00f3w dla rolnictwa, takich jak magazyny zbo\u017cowe, wiaty, obory, przechowalnie na warzywa i inne. Budownictwo przemys\u0142owe \u2013 budowa hal produkcyjnych, magazyn\u00f3w, centr\u00f3w logistycznych i innych obiekt\u00f3w przemys\u0142owych. Budownictwo mieszkaniowe \u2013 realizacja dom\u00f3w jednorodzinnych, osiedli mieszkaniowych oraz apartamentowc\u00f3w. Us\u0142ugi instalacyjne \u2013 roboty ziemne,&hellip;\" \/>\n<meta property=\"og:url\" content=\"https:\/\/gresbud.net\/index.php\/oferta\/\" \/>\n<meta property=\"article:modified_time\" content=\"2024-05-22T15:43:30+00:00\" \/>\n<meta name=\"twitter:card\" content=\"summary_large_image\" \/>\n<meta name=\"twitter:label1\" content=\"Szacowany czas czytania\" \/>\n\t<meta name=\"twitter:data1\" content=\"1 minuta\" \/>\n<script type=\"application\/ld+json\" class=\"yoast-schema-graph\">{\"@context\":\"https:\/\/schema.org\",\"@graph\":[{\"@type\":\"WebPage\",\"@id\":\"https:\/\/gresbud.net\/index.php\/oferta\/\",\"url\":\"https:\/\/gresbud.net\/index.php\/oferta\/\",\"name\":\"Oferta -\",\"isPartOf\":{\"@id\":\"https:\/\/gresbud.net\/#website\"},\"datePublished\":\"2021-11-06T14:32:38+00:00\",\"dateModified\":\"2024-05-22T15:43:30+00:00\",\"breadcrumb\":{\"@id\":\"https:\/\/gresbud.net\/index.php\/oferta\/#breadcrumb\"},\"inLanguage\":\"pl-PL\",\"potentialAction\":[{\"@type\":\"ReadAction\",\"target\":[\"https:\/\/gresbud.net\/index.php\/oferta\/\"]}]},{\"@type\":\"BreadcrumbList\",\"@id\":\"https:\/\/gresbud.net\/index.php\/oferta\/#breadcrumb\",\"itemListElement\":[{\"@type\":\"ListItem\",\"position\":1,\"name\":\"Strona g\u0142\u00f3wna\",\"item\":\"https:\/\/gresbud.net\/\"},{\"@type\":\"ListItem\",\"position\":2,\"name\":\"Oferta\"}]},{\"@type\":\"WebSite\",\"@id\":\"https:\/\/gresbud.net\/#website\",\"url\":\"https:\/\/gresbud.net\/\",\"name\":\"\",\"description\":\"Budownictwo Transport Us\u0142ugi\",\"publisher\":{\"@id\":\"https:\/\/gresbud.net\/#organization\"},\"potentialAction\":[{\"@type\":\"SearchAction\",\"target\":{\"@type\":\"EntryPoint\",\"urlTemplate\":\"https:\/\/gresbud.net\/?s={search_term_string}\"},\"query-input\":{\"@type\":\"PropertyValueSpecification\",\"valueRequired\":true,\"valueName\":\"search_term_string\"}}],\"inLanguage\":\"pl-PL\"},{\"@type\":\"Organization\",\"@id\":\"https:\/\/gresbud.net\/#organization\",\"name\":\"Gresbud budownictwo transport us\u0142ugi\",\"url\":\"https:\/\/gresbud.net\/\",\"logo\":{\"@type\":\"ImageObject\",\"inLanguage\":\"pl-PL\",\"@id\":\"https:\/\/gresbud.net\/#\/schema\/logo\/image\/\",\"url\":\"http:\/\/gresbud.net\/wp-content\/uploads\/2021\/11\/gresbud.png\",\"contentUrl\":\"http:\/\/gresbud.net\/wp-content\/uploads\/2021\/11\/gresbud.png\",\"width\":340,\"height\":340,\"caption\":\"Gresbud budownictwo transport us\u0142ugi\"},\"image\":{\"@id\":\"https:\/\/gresbud.net\/#\/schema\/logo\/image\/\"}}]}<\/script>\n<!-- \/ Yoast SEO plugin. -->","yoast_head_json":{"title":"Oferta -","robots":{"index":"index","follow":"follow","max-snippet":"max-snippet:-1","max-image-preview":"max-image-preview:large","max-video-preview":"max-video-preview:-1"},"canonical":"https:\/\/gresbud.net\/index.php\/oferta\/","og_locale":"pl_PL","og_type":"article","og_title":"Oferta -","og_description":"Budownictwo Budownictwo rolnicze \u2013 realizacja nowoczesnych i funkcjonalnych obiekt\u00f3w dla rolnictwa, takich jak magazyny zbo\u017cowe, wiaty, obory, przechowalnie na warzywa i inne. Budownictwo przemys\u0142owe \u2013 budowa hal produkcyjnych, magazyn\u00f3w, centr\u00f3w logistycznych i innych obiekt\u00f3w przemys\u0142owych. Budownictwo mieszkaniowe \u2013 realizacja dom\u00f3w jednorodzinnych, osiedli mieszkaniowych oraz apartamentowc\u00f3w. Us\u0142ugi instalacyjne \u2013 roboty ziemne,&hellip;","og_url":"https:\/\/gresbud.net\/index.php\/oferta\/","article_modified_time":"2024-05-22T15:43:30+00:00","twitter_card":"summary_large_image","twitter_misc":{"Szacowany czas czytania":"1 minuta"},"schema":{"@context":"https:\/\/schema.org","@graph":[{"@type":"WebPage","@id":"https:\/\/gresbud.net\/index.php\/oferta\/","url":"https:\/\/gresbud.net\/index.php\/oferta\/","name":"Oferta -","isPartOf":{"@id":"https:\/\/gresbud.net\/#website"},"datePublished":"2021-11-06T14:32:38+00:00","dateModified":"2024-05-22T15:43:30+00:00","breadcrumb":{"@id":"https:\/\/gresbud.net\/index.php\/oferta\/#breadcrumb"},"inLanguage":"pl-PL","potentialAction":[{"@type":"ReadAction","target":["https:\/\/gresbud.net\/index.php\/oferta\/"]}]},{"@type":"BreadcrumbList","@id":"https:\/\/gresbud.net\/index.php\/oferta\/#breadcrumb","itemListElement":[{"@type":"ListItem","position":1,"name":"Strona g\u0142\u00f3wna","item":"https:\/\/gresbud.net\/"},{"@type":"ListItem","position":2,"name":"Oferta"}]},{"@type":"WebSite","@id":"https:\/\/gresbud.net\/#website","url":"https:\/\/gresbud.net\/","name":"","description":"Budownictwo Transport Us\u0142ugi","publisher":{"@id":"https:\/\/gresbud.net\/#organization"},"potentialAction":[{"@type":"SearchAction","target":{"@type":"EntryPoint","urlTemplate":"https:\/\/gresbud.net\/?s={search_term_string}"},"query-input":{"@type":"PropertyValueSpecification","valueRequired":true,"valueName":"search_term_string"}}],"inLanguage":"pl-PL"},{"@type":"Organization","@id":"https:\/\/gresbud.net\/#organization","name":"Gresbud budownictwo transport us\u0142ugi","url":"https:\/\/gresbud.net\/","logo":{"@type":"ImageObject","inLanguage":"pl-PL","@id":"https:\/\/gresbud.net\/#\/schema\/logo\/image\/","url":"http:\/\/gresbud.net\/wp-content\/uploads\/2021\/11\/gresbud.png","contentUrl":"http:\/\/gresbud.net\/wp-content\/uploads\/2021\/11\/gresbud.png","width":340,"height":340,"caption":"Gresbud budownictwo transport us\u0142ugi"},"image":{"@id":"https:\/\/gresbud.net\/#\/schema\/logo\/image\/"}}]}},"_links":{"self":[{"href":"https:\/\/gresbud.net\/index.php\/wp-json\/wp\/v2\/pages\/53","targetHints":{"allow":["GET"]}}],"collection":[{"href":"https:\/\/gresbud.net\/index.php\/wp-json\/wp\/v2\/pages"}],"about":[{"href":"https:\/\/gresbud.net\/index.php\/wp-json\/wp\/v2\/types\/page"}],"author":[{"embeddable":true,"href":"https:\/\/gresbud.net\/index.php\/wp-json\/wp\/v2\/users\/1"}],"replies":[{"embeddable":true,"href":"https:\/\/gresbud.net\/index.php\/wp-json\/wp\/v2\/comments?post=53"}],"version-history":[{"count":52,"href":"https:\/\/gresbud.net\/index.php\/wp-json\/wp\/v2\/pages\/53\/revisions"}],"predecessor-version":[{"id":650,"href":"https:\/\/gresbud.net\/index.php\/wp-json\/wp\/v2\/pages\/53\/revisions\/650"}],"wp:attachment":[{"href":"https:\/\/gresbud.net\/index.php\/wp-json\/wp\/v2\/media?parent=53"}],"curies":[{"name":"wp","href":"https:\/\/api.w.org\/{rel}","templated":true}]}}